{"id":1931,"date":"2022-06-11T04:07:33","date_gmt":"2022-06-11T04:07:33","guid":{"rendered":"https:\/\/pontoniere-sg.ch\/?page_id=1931"},"modified":"2026-01-09T04:25:29","modified_gmt":"2026-01-09T03:25:29","slug":"goenner","status":"publish","type":"page","link":"https:\/\/pontoniere-sg.ch\/index.php\/goenner\/","title":{"rendered":"G\u00f6nner"},"content":{"rendered":"\t\t<div data-elementor-type=\"wp-page\" data-elementor-id=\"1931\" class=\"elementor elementor-1931\">\n\t\t\t\t\t\t<section class=\"elementor-section elementor-top-section elementor-element elementor-element-bd8dc95 elementor-section-boxed elementor-section-height-default elementor-section-height-default\" data-id=\"bd8dc95\" data-element_type=\"section\" data-e-type=\"section\">\n\t\t\t\t\t\t<div class=\"elementor-container elementor-column-gap-default\">\n\t\t\t\t\t<div class=\"elementor-column elementor-col-100 elementor-top-column elementor-element elementor-element-e770ab7\" data-id=\"e770ab7\" data-element_type=\"column\" data-e-type=\"column\">\n\t\t\t<div class=\"elementor-widget-wrap elementor-element-populated\">\n\t\t\t\t\t\t<div class=\"elementor-element elementor-element-df9116e elementor-widget elementor-widget-heading\" data-id=\"df9116e\" data-element_type=\"widget\" data-e-type=\"widget\" data-widget_type=\"heading.default\">\n\t\t\t\t<div class=\"elementor-widget-container\">\n\t\t\t\t\t<h2 class=\"elementor-heading-title elementor-size-medium\">Herzlichen Dank f\u00fcr die Unterst\u00fctzung unseres Vereins.&nbsp;<\/h2>\t\t\t\t<\/div>\n\t\t\t\t<\/div>\n\t\t\t\t\t<\/div>\n\t\t<\/div>\n\t\t\t\t\t<\/div>\n\t\t<\/section>\n\t\t\t\t<section class=\"elementor-section elementor-top-section elementor-element elementor-element-ce605ba elementor-section-boxed elementor-section-height-default elementor-section-height-default\" data-id=\"ce605ba\" data-element_type=\"section\" data-e-type=\"section\">\n\t\t\t\t\t\t<div class=\"elementor-container elementor-column-gap-default\">\n\t\t\t\t\t<div class=\"elementor-column elementor-col-100 elementor-top-column elementor-element elementor-element-37e7d68\" data-id=\"37e7d68\" data-element_type=\"column\" data-e-type=\"column\">\n\t\t\t<div class=\"elementor-widget-wrap elementor-element-populated\">\n\t\t\t\t\t\t<section class=\"elementor-section elementor-inner-section elementor-element elementor-element-7d519d0 elementor-section-boxed elementor-section-height-default elementor-section-height-default\" data-id=\"7d519d0\" data-element_type=\"section\" data-e-type=\"section\">\n\t\t\t\t\t\t<div class=\"elementor-container elementor-column-gap-default\">\n\t\t\t\t\t<div class=\"elementor-column elementor-col-50 elementor-inner-column elementor-element elementor-element-2a708ac\" data-id=\"2a708ac\" data-element_type=\"column\" data-e-type=\"column\">\n\t\t\t<div class=\"elementor-widget-wrap elementor-element-populated\">\n\t\t\t\t\t\t<div class=\"elementor-element elementor-element-c0953d0 elementor-widget elementor-widget-image\" data-id=\"c0953d0\" data-element_type=\"widget\" data-e-type=\"widget\" data-widget_type=\"image.default\">\n\t\t\t\t<div class=\"elementor-widget-container\">\n\t\t\t\t\t\t\t\t\t\t\t\t\t\t\t<img fetchpriority=\"high\" decoding=\"async\" width=\"673\" height=\"2048\" src=\"https:\/\/pontoniere-sg.ch\/wp-content\/uploads\/2026\/01\/Brief-Goenner-2026-673x2048.png\" class=\"attachment-2048x2048 size-2048x2048 wp-image-4389\" alt=\"\" srcset=\"https:\/\/pontoniere-sg.ch\/wp-content\/uploads\/2026\/01\/Brief-Goenner-2026-673x2048.png 673w, https:\/\/pontoniere-sg.ch\/wp-content\/uploads\/2026\/01\/Brief-Goenner-2026-99x300.png 99w, https:\/\/pontoniere-sg.ch\/wp-content\/uploads\/2026\/01\/Brief-Goenner-2026-768x2337.png 768w, https:\/\/pontoniere-sg.ch\/wp-content\/uploads\/2026\/01\/Brief-Goenner-2026-505x1536.png 505w, https:\/\/pontoniere-sg.ch\/wp-content\/uploads\/2026\/01\/Brief-Goenner-2026.png 804w\" sizes=\"(max-width: 673px) 100vw, 673px\" \/>\t\t\t\t\t\t\t\t\t\t\t\t\t\t\t<\/div>\n\t\t\t\t<\/div>\n\t\t\t\t\t<\/div>\n\t\t<\/div>\n\t\t\t\t<div class=\"elementor-column elementor-col-50 elementor-inner-column elementor-element elementor-element-e3d7f16\" data-id=\"e3d7f16\" data-element_type=\"column\" data-e-type=\"column\">\n\t\t\t<div class=\"elementor-widget-wrap elementor-element-populated\">\n\t\t\t\t\t\t<div class=\"elementor-element elementor-element-28fcf5f elementor-widget elementor-widget-text-editor\" data-id=\"28fcf5f\" data-element_type=\"widget\" data-e-type=\"widget\" data-widget_type=\"text-editor.default\">\n\t\t\t\t<div class=\"elementor-widget-container\">\n\t\t\t\t\t\t\t\t\t<p><a href=\"https:\/\/pontoniere-sg.ch\/wp-content\/uploads\/2026\/01\/Brief-Goennereinzug-2026-Homepage.pdf\" target=\"_blank\" rel=\"noopener\">G\u00f6nnereinzug 2026<\/a><\/p><p><a href=\"https:\/\/pontoniere-sg.ch\/wp-content\/uploads\/2022\/06\/QR-Einzahlungsschein.pdf\" target=\"_blank\" rel=\"noopener\">QR-Einzahlungsschein<\/a><\/p>\t\t\t\t\t\t\t\t<\/div>\n\t\t\t\t<\/div>\n\t\t\t\t\t<\/div>\n\t\t<\/div>\n\t\t\t\t\t<\/div>\n\t\t<\/section>\n\t\t\t\t\t<\/div>\n\t\t<\/div>\n\t\t\t\t\t<\/div>\n\t\t<\/section>\n\t\t\t\t<\/div>\n\t\t","protected":false},"excerpt":{"rendered":"<p>Herzlichen Dank f\u00fcr die Unterst\u00fctzung unseres Vereins.&nbsp; G\u00f6nnereinzug 2026 QR-Einzahlungsschein<\/p>\n","protected":false},"author":3,"featured_media":0,"parent":0,"menu_order":500,"comment_status":"closed","ping_status":"closed","template":"","meta":{"footnotes":""},"class_list":["post-1931","page","type-page","status-publish","hentry"],"_links":{"self":[{"href":"https:\/\/pontoniere-sg.ch\/index.php\/wp-json\/wp\/v2\/pages\/1931","targetHints":{"allow":["GET"]}}],"collection":[{"href":"https:\/\/pontoniere-sg.ch\/index.php\/wp-json\/wp\/v2\/pages"}],"about":[{"href":"https:\/\/pontoniere-sg.ch\/index.php\/wp-json\/wp\/v2\/types\/page"}],"author":[{"embeddable":true,"href":"https:\/\/pontoniere-sg.ch\/index.php\/wp-json\/wp\/v2\/users\/3"}],"replies":[{"embeddable":true,"href":"https:\/\/pontoniere-sg.ch\/index.php\/wp-json\/wp\/v2\/comments?post=1931"}],"version-history":[{"count":31,"href":"https:\/\/pontoniere-sg.ch\/index.php\/wp-json\/wp\/v2\/pages\/1931\/revisions"}],"predecessor-version":[{"id":4392,"href":"https:\/\/pontoniere-sg.ch\/index.php\/wp-json\/wp\/v2\/pages\/1931\/revisions\/4392"}],"wp:attachment":[{"href":"https:\/\/pontoniere-sg.ch\/index.php\/wp-json\/wp\/v2\/media?parent=1931"}],"curies":[{"name":"wp","href":"https:\/\/api.w.org\/{rel}","templated":true}]}}