{"id":2233,"date":"2022-08-18T17:48:46","date_gmt":"2022-08-18T17:48:46","guid":{"rendered":"https:\/\/pontoniere-sg.ch\/?page_id=2233"},"modified":"2025-01-09T18:25:33","modified_gmt":"2025-01-09T17:25:33","slug":"abfall-piraten","status":"publish","type":"page","link":"https:\/\/pontoniere-sg.ch\/index.php\/events\/abfall-piraten\/","title":{"rendered":"Abfall-Piraten 2022"},"content":{"rendered":"\t\t<div data-elementor-type=\"wp-page\" data-elementor-id=\"2233\" class=\"elementor elementor-2233\">\n\t\t\t\t\t\t<section class=\"elementor-section elementor-top-section elementor-element elementor-element-b689cf9 elementor-section-boxed elementor-section-height-default elementor-section-height-default\" data-id=\"b689cf9\" data-element_type=\"section\" data-e-type=\"section\">\n\t\t\t\t\t\t<div class=\"elementor-container elementor-column-gap-default\">\n\t\t\t\t\t<div class=\"elementor-column elementor-col-100 elementor-top-column elementor-element elementor-element-50064f6\" data-id=\"50064f6\" data-element_type=\"column\" data-e-type=\"column\">\n\t\t\t<div class=\"elementor-widget-wrap elementor-element-populated\">\n\t\t\t\t\t\t<div class=\"elementor-element elementor-element-c614764 elementor-widget elementor-widget-heading\" data-id=\"c614764\" data-element_type=\"widget\" data-e-type=\"widget\" data-widget_type=\"heading.default\">\n\t\t\t\t<div class=\"elementor-widget-container\">\n\t\t\t\t\t<h2 class=\"elementor-heading-title elementor-size-default\">An alle Dorfvereine: Littering geht uns alle an. Helft mit eurem Verein mit, unsere Aare zu s\u00e4ubern!<\/h2>\t\t\t\t<\/div>\n\t\t\t\t<\/div>\n\t\t\t\t\t<\/div>\n\t\t<\/div>\n\t\t\t\t\t<\/div>\n\t\t<\/section>\n\t\t\t\t<section class=\"elementor-section elementor-top-section elementor-element elementor-element-123b9b4 elementor-section-boxed elementor-section-height-default elementor-section-height-default\" data-id=\"123b9b4\" data-element_type=\"section\" data-e-type=\"section\">\n\t\t\t\t\t\t<div class=\"elementor-container elementor-column-gap-default\">\n\t\t\t\t\t<div class=\"elementor-column elementor-col-100 elementor-top-column elementor-element elementor-element-f803c93\" data-id=\"f803c93\" data-element_type=\"column\" data-e-type=\"column\">\n\t\t\t<div class=\"elementor-widget-wrap elementor-element-populated\">\n\t\t\t\t\t\t<div class=\"elementor-element elementor-element-a99e9c8 elementor-widget elementor-widget-text-editor\" data-id=\"a99e9c8\" data-element_type=\"widget\" data-e-type=\"widget\" data-widget_type=\"text-editor.default\">\n\t\t\t\t<div class=\"elementor-widget-container\">\n\t\t\t\t\t\t\t\t\t<p>Am 26. M\u00e4rz 2022 konnten wir den zahlreich anwesenden Vereinen und Beh\u00f6rdenmitgliedern den im September geplanten Anlass Abfall-Piraten vorstellen. Die Idee stiess dabei auf viel Sympathie und Interesse.<\/p><p>Ziel und Zweck des Anlasses ist es, Kinder und Jugendliche f\u00fcr die Thematik Littering zu sensibilisieren. Dazu werden wir anl\u00e4sslich des Anlasses die Ufer der Aare von Abfall befreien. Um den Event f\u00fcr die Jugendlichen interessant zu gestalten, werden wir als Piraten verkleidet mit Pontons auf dem Wasser unterwegs sein. Zudem werden wir Informationen zum Thema vermitteln. Auch f\u00fcr das leibliche Wohl wird gesorgt sein. Offeriert wird ein Mittagessen inkl. Getr\u00e4nke.<\/p><p>Der Anlass wird vom Regionalverein \u00d6isi Aare Niederamt in enger Zusammenarbeit mit dem Pontonierfahrverein Sch\u00f6nenwerd-G\u00f6sgen organisiert. F\u00fcr die Fahrten auf den Booten und &#8222;f\u00f6tzele&#8220; am Ufer stehen gen\u00fcgend Schwimmwesten und Helfer zur Verf\u00fcgung.<\/p><p>Gerne laden wir Ihren Verein und speziell Ihre Nachwuchsabteilung wie folgt zum Anlass ein:<\/p><p><strong>Samstag, 17. September 2022, 09.00 Uhr bis ca. 13.00 Uhr<\/strong><\/p><p><strong>\u00a0<\/strong><strong style=\"font-size: 14px; color: var( --e-global-color-text );\">Treffpunkt: \u00a0\u00a0 Schuppen bei Cartaseta Kraftwerk <\/strong>(Anreise \u00d6V <span style=\"font-size: 14px; color: var( --e-global-color-text );\">Bushaltestelle Kraftwerk Niederg\u00f6sgen, Teilnehmer werden von uns an der Haltestelle erwartet)<\/span><\/p><p><strong>Anmeldeformular<\/strong><\/p><p><strong><u>Programm:<\/u><\/strong><\/p><p>09:00 Uhr\u00a0\u00a0\u00a0\u00a0\u00a0\u00a0\u00a0 Begr\u00fcssung und Abgabe eines kleinen Pr\u00e4sents<\/p><p>09:15 Uhr\u00a0\u00a0\u00a0\u00a0\u00a0\u00a0\u00a0 Abfallsammeln an den Ufern der Aare<\/p><p>11:30 Uhr\u00a0\u00a0\u00a0\u00a0\u00a0\u00a0\u00a0 Mittagessen beim Clubhaus des Pontonierfahrvereins Sch\u00f6nenwerd-G\u00f6sgen<\/p><p>12:30 Uhr\u00a0\u00a0\u00a0\u00a0\u00a0\u00a0\u00a0 Vortrag Kapit\u00e4n Jack Sparrow<\/p><p>12:45 Uhr\u00a0\u00a0\u00a0\u00a0\u00a0\u00a0\u00a0 Preisverleihung beste Kost\u00fcme und Verabschiedung<\/p>\t\t\t\t\t\t\t\t<\/div>\n\t\t\t\t<\/div>\n\t\t\t\t\t<\/div>\n\t\t<\/div>\n\t\t\t\t\t<\/div>\n\t\t<\/section>\n\t\t\t\t<section class=\"elementor-section elementor-top-section elementor-element elementor-element-808b1c2 elementor-section-boxed elementor-section-height-default elementor-section-height-default\" data-id=\"808b1c2\" data-element_type=\"section\" data-e-type=\"section\">\n\t\t\t\t\t\t<div class=\"elementor-container elementor-column-gap-default\">\n\t\t\t\t\t<div class=\"elementor-column elementor-col-100 elementor-top-column elementor-element elementor-element-c84e547\" data-id=\"c84e547\" data-element_type=\"column\" data-e-type=\"column\">\n\t\t\t<div class=\"elementor-widget-wrap elementor-element-populated\">\n\t\t\t\t\t\t<section class=\"elementor-section elementor-inner-section elementor-element elementor-element-503150f elementor-section-boxed elementor-section-height-default elementor-section-height-default\" data-id=\"503150f\" data-element_type=\"section\" data-e-type=\"section\">\n\t\t\t\t\t\t<div class=\"elementor-container elementor-column-gap-default\">\n\t\t\t\t\t<div class=\"elementor-column elementor-col-50 elementor-inner-column elementor-element elementor-element-d96590d\" data-id=\"d96590d\" data-element_type=\"column\" data-e-type=\"column\">\n\t\t\t<div class=\"elementor-widget-wrap elementor-element-populated\">\n\t\t\t\t\t\t<div class=\"elementor-element elementor-element-7345010 elementor-widget elementor-widget-image\" data-id=\"7345010\" data-element_type=\"widget\" data-e-type=\"widget\" data-widget_type=\"image.default\">\n\t\t\t\t<div class=\"elementor-widget-container\">\n\t\t\t\t\t\t\t\t\t\t\t\t\t\t\t<img decoding=\"async\" width=\"272\" height=\"60\" src=\"https:\/\/pontoniere-sg.ch\/wp-content\/uploads\/2022\/09\/oeisi-Aare.jpg\" class=\"attachment-large size-large wp-image-2304\" alt=\"\" \/>\t\t\t\t\t\t\t\t\t\t\t\t\t\t\t<\/div>\n\t\t\t\t<\/div>\n\t\t\t\t\t<\/div>\n\t\t<\/div>\n\t\t\t\t<div class=\"elementor-column elementor-col-50 elementor-inner-column elementor-element elementor-element-32e4114\" data-id=\"32e4114\" data-element_type=\"column\" data-e-type=\"column\">\n\t\t\t<div class=\"elementor-widget-wrap\">\n\t\t\t\t\t\t\t<\/div>\n\t\t<\/div>\n\t\t\t\t\t<\/div>\n\t\t<\/section>\n\t\t\t\t\t<\/div>\n\t\t<\/div>\n\t\t\t\t\t<\/div>\n\t\t<\/section>\n\t\t\t\t<\/div>\n\t\t","protected":false},"excerpt":{"rendered":"<p>An alle Dorfvereine: Littering geht uns alle an. Helft mit eurem Verein mit, unsere Aare zu s\u00e4ubern! Am 26. M\u00e4rz 2022 konnten wir den zahlreich anwesenden Vereinen und Beh\u00f6rdenmitgliedern den im September geplanten Anlass Abfall-Piraten vorstellen. Die Idee stiess dabei auf viel Sympathie und Interesse. Ziel und Zweck des Anlasses ist es, Kinder und Jugendliche [&hellip;]<\/p>\n","protected":false},"author":3,"featured_media":0,"parent":50,"menu_order":730,"comment_status":"closed","ping_status":"closed","template":"","meta":{"footnotes":""},"class_list":["post-2233","page","type-page","status-publish","hentry"],"_links":{"self":[{"href":"https:\/\/pontoniere-sg.ch\/index.php\/wp-json\/wp\/v2\/pages\/2233","targetHints":{"allow":["GET"]}}],"collection":[{"href":"https:\/\/pontoniere-sg.ch\/index.php\/wp-json\/wp\/v2\/pages"}],"about":[{"href":"https:\/\/pontoniere-sg.ch\/index.php\/wp-json\/wp\/v2\/types\/page"}],"author":[{"embeddable":true,"href":"https:\/\/pontoniere-sg.ch\/index.php\/wp-json\/wp\/v2\/users\/3"}],"replies":[{"embeddable":true,"href":"https:\/\/pontoniere-sg.ch\/index.php\/wp-json\/wp\/v2\/comments?post=2233"}],"version-history":[{"count":27,"href":"https:\/\/pontoniere-sg.ch\/index.php\/wp-json\/wp\/v2\/pages\/2233\/revisions"}],"predecessor-version":[{"id":3089,"href":"https:\/\/pontoniere-sg.ch\/index.php\/wp-json\/wp\/v2\/pages\/2233\/revisions\/3089"}],"up":[{"embeddable":true,"href":"https:\/\/pontoniere-sg.ch\/index.php\/wp-json\/wp\/v2\/pages\/50"}],"wp:attachment":[{"href":"https:\/\/pontoniere-sg.ch\/index.php\/wp-json\/wp\/v2\/media?parent=2233"}],"curies":[{"name":"wp","href":"https:\/\/api.w.org\/{rel}","templated":true}]}}