{"id":3051,"date":"2024-03-02T06:56:18","date_gmt":"2024-03-02T04:56:18","guid":{"rendered":"https:\/\/pontoniere-sg.ch\/?page_id=3051"},"modified":"2025-01-09T18:24:42","modified_gmt":"2025-01-09T17:24:42","slug":"sponsoringjp1","status":"publish","type":"page","link":"https:\/\/pontoniere-sg.ch\/index.php\/events\/jp1-challenge-chnueppu-cup\/sponsoringjp1\/","title":{"rendered":"Sponsoring JP1 Challenge &amp; Chn\u00fcppu Cup"},"content":{"rendered":"\t\t<div data-elementor-type=\"wp-page\" data-elementor-id=\"3051\" class=\"elementor elementor-3051\">\n\t\t\t\t\t\t<section class=\"elementor-section elementor-top-section elementor-element elementor-element-87ef585 elementor-section-boxed elementor-section-height-default elementor-section-height-default\" data-id=\"87ef585\" data-element_type=\"section\" data-e-type=\"section\">\n\t\t\t\t\t\t<div class=\"elementor-container elementor-column-gap-default\">\n\t\t\t\t\t<div class=\"elementor-column elementor-col-100 elementor-top-column elementor-element elementor-element-599c8dd\" data-id=\"599c8dd\" data-element_type=\"column\" data-e-type=\"column\">\n\t\t\t<div class=\"elementor-widget-wrap elementor-element-populated\">\n\t\t\t\t\t\t<section class=\"elementor-section elementor-inner-section elementor-element elementor-element-7fef1e0 elementor-section-boxed elementor-section-height-default elementor-section-height-default\" data-id=\"7fef1e0\" data-element_type=\"section\" data-e-type=\"section\">\n\t\t\t\t\t\t<div class=\"elementor-container elementor-column-gap-default\">\n\t\t\t\t\t<div class=\"elementor-column elementor-col-50 elementor-inner-column elementor-element elementor-element-5940e00\" data-id=\"5940e00\" data-element_type=\"column\" data-e-type=\"column\">\n\t\t\t<div class=\"elementor-widget-wrap elementor-element-populated\">\n\t\t\t\t\t\t<div class=\"elementor-element elementor-element-bb5cccb elementor-widget elementor-widget-image\" data-id=\"bb5cccb\" data-element_type=\"widget\" data-e-type=\"widget\" data-widget_type=\"image.default\">\n\t\t\t\t<div class=\"elementor-widget-container\">\n\t\t\t\t\t\t\t\t\t\t\t\t\t\t\t\t<a href=\"https:\/\/pontoniere-sg.ch\/wp-content\/uploads\/2024\/04\/Sponsoring-JP1-Challenge.jpg\" data-elementor-open-lightbox=\"yes\" data-elementor-lightbox-title=\"Sponsoring JP1 Challenge\" data-e-action-hash=\"#elementor-action%3Aaction%3Dlightbox%26settings%3DeyJpZCI6MzE1OSwidXJsIjoiaHR0cHM6XC9cL3BvbnRvbmllcmUtc2cuY2hcL3dwLWNvbnRlbnRcL3VwbG9hZHNcLzIwMjRcLzA0XC9TcG9uc29yaW5nLUpQMS1DaGFsbGVuZ2UuanBnIn0%3D\">\n\t\t\t\t\t\t\t<img fetchpriority=\"high\" decoding=\"async\" width=\"640\" height=\"899\" src=\"https:\/\/pontoniere-sg.ch\/wp-content\/uploads\/2024\/04\/Sponsoring-JP1-Challenge-729x1024.jpg\" class=\"attachment-large size-large wp-image-3159\" alt=\"\" srcset=\"https:\/\/pontoniere-sg.ch\/wp-content\/uploads\/2024\/04\/Sponsoring-JP1-Challenge-729x1024.jpg 729w, https:\/\/pontoniere-sg.ch\/wp-content\/uploads\/2024\/04\/Sponsoring-JP1-Challenge-213x300.jpg 213w, https:\/\/pontoniere-sg.ch\/wp-content\/uploads\/2024\/04\/Sponsoring-JP1-Challenge-768x1079.jpg 768w, https:\/\/pontoniere-sg.ch\/wp-content\/uploads\/2024\/04\/Sponsoring-JP1-Challenge.jpg 804w\" sizes=\"(max-width: 640px) 100vw, 640px\" \/>\t\t\t\t\t\t\t\t<\/a>\n\t\t\t\t\t\t\t\t\t\t\t\t\t\t\t<\/div>\n\t\t\t\t<\/div>\n\t\t\t\t\t<\/div>\n\t\t<\/div>\n\t\t\t\t<div class=\"elementor-column elementor-col-50 elementor-inner-column elementor-element elementor-element-74fdbba\" data-id=\"74fdbba\" data-element_type=\"column\" data-e-type=\"column\">\n\t\t\t<div class=\"elementor-widget-wrap elementor-element-populated\">\n\t\t\t\t\t\t<div class=\"elementor-element elementor-element-e0a9d6b elementor-widget elementor-widget-text-editor\" data-id=\"e0a9d6b\" data-element_type=\"widget\" data-e-type=\"widget\" data-widget_type=\"text-editor.default\">\n\t\t\t\t<div class=\"elementor-widget-container\">\n\t\t\t\t\t\t\t\t\t<p><strong>Es w\u00fcrde und sehr freuen sie als Sponsor oder G\u00f6nner gewinnen zu k\u00f6nnen.<\/strong><\/p><ul><li><a href=\"https:\/\/pontoniere-sg.ch\/wp-content\/uploads\/2024\/04\/Sponsoring_Konzept_2024.pdf\" target=\"_blank\" rel=\"noopener\">Sponsoringkonzept<\/a><\/li><li><a href=\"https:\/\/pontoniere-sg.ch\/wp-content\/uploads\/2024\/04\/QR-Einzahlungsschein.pdf\" target=\"_blank\" rel=\"noopener\">Einzahlungsschein<\/a><\/li><\/ul>\t\t\t\t\t\t\t\t<\/div>\n\t\t\t\t<\/div>\n\t\t\t\t\t<\/div>\n\t\t<\/div>\n\t\t\t\t\t<\/div>\n\t\t<\/section>\n\t\t\t\t\t<\/div>\n\t\t<\/div>\n\t\t\t\t\t<\/div>\n\t\t<\/section>\n\t\t\t\t<section class=\"elementor-section elementor-top-section elementor-element elementor-element-05c6bcf elementor-section-boxed elementor-section-height-default elementor-section-height-default\" data-id=\"05c6bcf\" data-element_type=\"section\" data-e-type=\"section\">\n\t\t\t\t\t\t<div class=\"elementor-container elementor-column-gap-default\">\n\t\t\t\t\t<div class=\"elementor-column elementor-col-50 elementor-top-column elementor-element elementor-element-7ff14eb\" data-id=\"7ff14eb\" data-element_type=\"column\" data-e-type=\"column\">\n\t\t\t<div class=\"elementor-widget-wrap elementor-element-populated\">\n\t\t\t\t\t\t<div class=\"elementor-element elementor-element-72d6564 elementor-widget elementor-widget-image\" data-id=\"72d6564\" data-element_type=\"widget\" data-e-type=\"widget\" data-widget_type=\"image.default\">\n\t\t\t\t<div class=\"elementor-widget-container\">\n\t\t\t\t\t\t\t\t\t\t\t\t\t\t\t\t<a href=\"https:\/\/pontoniere-sg.ch\/wp-content\/uploads\/2024\/04\/QR-Einzahlungsschein.jpg\" data-elementor-open-lightbox=\"yes\" data-elementor-lightbox-title=\"QR-Einzahlungsschein\" data-e-action-hash=\"#elementor-action%3Aaction%3Dlightbox%26settings%3DeyJpZCI6MzE2MCwidXJsIjoiaHR0cHM6XC9cL3BvbnRvbmllcmUtc2cuY2hcL3dwLWNvbnRlbnRcL3VwbG9hZHNcLzIwMjRcLzA0XC9RUi1FaW56YWhsdW5nc3NjaGVpbi5qcGcifQ%3D%3D\">\n\t\t\t\t\t\t\t<img decoding=\"async\" width=\"640\" height=\"310\" src=\"https:\/\/pontoniere-sg.ch\/wp-content\/uploads\/2024\/04\/QR-Einzahlungsschein.jpg\" class=\"attachment-large size-large wp-image-3160\" alt=\"\" srcset=\"https:\/\/pontoniere-sg.ch\/wp-content\/uploads\/2024\/04\/QR-Einzahlungsschein.jpg 900w, https:\/\/pontoniere-sg.ch\/wp-content\/uploads\/2024\/04\/QR-Einzahlungsschein-300x145.jpg 300w, https:\/\/pontoniere-sg.ch\/wp-content\/uploads\/2024\/04\/QR-Einzahlungsschein-768x372.jpg 768w\" sizes=\"(max-width: 640px) 100vw, 640px\" \/>\t\t\t\t\t\t\t\t<\/a>\n\t\t\t\t\t\t\t\t\t\t\t\t\t\t\t<\/div>\n\t\t\t\t<\/div>\n\t\t\t\t\t<\/div>\n\t\t<\/div>\n\t\t\t\t<div class=\"elementor-column elementor-col-50 elementor-top-column elementor-element elementor-element-d58f00c\" data-id=\"d58f00c\" data-element_type=\"column\" data-e-type=\"column\">\n\t\t\t<div class=\"elementor-widget-wrap\">\n\t\t\t\t\t\t\t<\/div>\n\t\t<\/div>\n\t\t\t\t\t<\/div>\n\t\t<\/section>\n\t\t\t\t<\/div>\n\t\t","protected":false},"excerpt":{"rendered":"<p>Es w\u00fcrde und sehr freuen sie als Sponsor oder G\u00f6nner gewinnen zu k\u00f6nnen. Sponsoringkonzept Einzahlungsschein<\/p>\n","protected":false},"author":3,"featured_media":0,"parent":3027,"menu_order":711,"comment_status":"closed","ping_status":"closed","template":"","meta":{"footnotes":""},"class_list":["post-3051","page","type-page","status-publish","hentry"],"_links":{"self":[{"href":"https:\/\/pontoniere-sg.ch\/index.php\/wp-json\/wp\/v2\/pages\/3051","targetHints":{"allow":["GET"]}}],"collection":[{"href":"https:\/\/pontoniere-sg.ch\/index.php\/wp-json\/wp\/v2\/pages"}],"about":[{"href":"https:\/\/pontoniere-sg.ch\/index.php\/wp-json\/wp\/v2\/types\/page"}],"author":[{"embeddable":true,"href":"https:\/\/pontoniere-sg.ch\/index.php\/wp-json\/wp\/v2\/users\/3"}],"replies":[{"embeddable":true,"href":"https:\/\/pontoniere-sg.ch\/index.php\/wp-json\/wp\/v2\/comments?post=3051"}],"version-history":[{"count":14,"href":"https:\/\/pontoniere-sg.ch\/index.php\/wp-json\/wp\/v2\/pages\/3051\/revisions"}],"predecessor-version":[{"id":3604,"href":"https:\/\/pontoniere-sg.ch\/index.php\/wp-json\/wp\/v2\/pages\/3051\/revisions\/3604"}],"up":[{"embeddable":true,"href":"https:\/\/pontoniere-sg.ch\/index.php\/wp-json\/wp\/v2\/pages\/3027"}],"wp:attachment":[{"href":"https:\/\/pontoniere-sg.ch\/index.php\/wp-json\/wp\/v2\/media?parent=3051"}],"curies":[{"name":"wp","href":"https:\/\/api.w.org\/{rel}","templated":true}]}}