{"id":491,"date":"2021-02-22T19:30:03","date_gmt":"2021-02-22T19:30:03","guid":{"rendered":"http:\/\/pontoniere.agugger.ch\/?page_id=491"},"modified":"2025-02-22T12:09:59","modified_gmt":"2025-02-22T11:09:59","slug":"links","status":"publish","type":"page","link":"https:\/\/pontoniere-sg.ch\/index.php\/kontakt2\/links\/","title":{"rendered":"Links"},"content":{"rendered":"\t\t<div data-elementor-type=\"wp-page\" data-elementor-id=\"491\" class=\"elementor elementor-491\">\n\t\t\t\t\t\t<section class=\"elementor-section elementor-top-section elementor-element elementor-element-c92db9d elementor-section-boxed elementor-section-height-default elementor-section-height-default\" data-id=\"c92db9d\" data-element_type=\"section\" data-e-type=\"section\">\n\t\t\t\t\t\t<div class=\"elementor-container elementor-column-gap-default\">\n\t\t\t\t\t<div class=\"elementor-column elementor-col-100 elementor-top-column elementor-element elementor-element-5d7736e\" data-id=\"5d7736e\" data-element_type=\"column\" data-e-type=\"column\">\n\t\t\t<div class=\"elementor-widget-wrap elementor-element-populated\">\n\t\t\t\t\t\t<div class=\"elementor-element elementor-element-8f98883 elementor-widget elementor-widget-heading\" data-id=\"8f98883\" data-element_type=\"widget\" data-e-type=\"widget\" data-widget_type=\"heading.default\">\n\t\t\t\t<div class=\"elementor-widget-container\">\n\t\t\t\t\t<h2 class=\"elementor-heading-title elementor-size-default\">Allgemeine Links<\/h2>\t\t\t\t<\/div>\n\t\t\t\t<\/div>\n\t\t\t\t\t<\/div>\n\t\t<\/div>\n\t\t\t\t\t<\/div>\n\t\t<\/section>\n\t\t\t\t<section class=\"elementor-section elementor-top-section elementor-element elementor-element-81e1bcf elementor-section-boxed elementor-section-height-default elementor-section-height-default\" data-id=\"81e1bcf\" data-element_type=\"section\" data-e-type=\"section\">\n\t\t\t\t\t\t<div class=\"elementor-container elementor-column-gap-default\">\n\t\t\t\t\t<div class=\"elementor-column elementor-col-50 elementor-top-column elementor-element elementor-element-ce3d5cf\" data-id=\"ce3d5cf\" data-element_type=\"column\" data-e-type=\"column\">\n\t\t\t<div class=\"elementor-widget-wrap elementor-element-populated\">\n\t\t\t\t\t\t<div class=\"elementor-element elementor-element-ea80a3f elementor-widget elementor-widget-text-editor\" data-id=\"ea80a3f\" data-element_type=\"widget\" data-e-type=\"widget\" data-widget_type=\"text-editor.default\">\n\t\t\t\t<div class=\"elementor-widget-container\">\n\t\t\t\t\t\t\t\t\t<p>Verbands-Website<\/p><p>Gemeinde Sch\u00f6nenwerd<\/p><p>Gemeinde Niederg\u00f6sgen<\/p><p>Gemeinde Gretzenbach<\/p><p>Gemeinde D\u00e4niken<\/p><p>Wasserstand<\/p>\t\t\t\t\t\t\t\t<\/div>\n\t\t\t\t<\/div>\n\t\t\t\t\t<\/div>\n\t\t<\/div>\n\t\t\t\t<div class=\"elementor-column elementor-col-50 elementor-top-column elementor-element elementor-element-da1c872\" data-id=\"da1c872\" data-element_type=\"column\" data-e-type=\"column\">\n\t\t\t<div class=\"elementor-widget-wrap elementor-element-populated\">\n\t\t\t\t\t\t<div class=\"elementor-element elementor-element-69d7b2b elementor-widget elementor-widget-text-editor\" data-id=\"69d7b2b\" data-element_type=\"widget\" data-e-type=\"widget\" data-widget_type=\"text-editor.default\">\n\t\t\t\t<div class=\"elementor-widget-container\">\n\t\t\t\t\t\t\t\t\t<p><a href=\"http:\/\/www.pontonier.ch\">www.pontonier.ch<\/a><\/p><p><a href=\"http:\/\/www.schoenenwerd.ch\">www.schoenenwerd.ch<\/a><\/p><p><a href=\"http:\/\/www.niedergoesgen.ch\">www.niedergoesgen.ch<\/a><\/p><p><a href=\"http:\/\/www.gretzenbach.ch\">www.gretzenbach.ch<\/a><\/p><p><a href=\"http:\/\/www.daeniken.ch\">www.daeniken.ch<\/a><\/p><p><a href=\"https:\/\/www.hydrodaten.admin.ch\/de\/2063.html\">https:\/\/www.hydrodaten.admin.ch\/de\/2063.html<\/a><\/p>\t\t\t\t\t\t\t\t<\/div>\n\t\t\t\t<\/div>\n\t\t\t\t\t<\/div>\n\t\t<\/div>\n\t\t\t\t\t<\/div>\n\t\t<\/section>\n\t\t\t\t<section class=\"elementor-section elementor-top-section elementor-element elementor-element-0699c65 elementor-section-boxed elementor-section-height-default elementor-section-height-default\" data-id=\"0699c65\" data-element_type=\"section\" data-e-type=\"section\">\n\t\t\t\t\t\t<div class=\"elementor-container elementor-column-gap-default\">\n\t\t\t\t\t<div class=\"elementor-column elementor-col-100 elementor-top-column elementor-element elementor-element-a1e668f\" data-id=\"a1e668f\" data-element_type=\"column\" data-e-type=\"column\">\n\t\t\t<div class=\"elementor-widget-wrap elementor-element-populated\">\n\t\t\t\t\t\t<div class=\"elementor-element elementor-element-25b0790 elementor-widget elementor-widget-heading\" data-id=\"25b0790\" data-element_type=\"widget\" data-e-type=\"widget\" data-widget_type=\"heading.default\">\n\t\t\t\t<div class=\"elementor-widget-container\">\n\t\t\t\t\t<h2 class=\"elementor-heading-title elementor-size-default\">Links unserer Mitglieder<\/h2>\t\t\t\t<\/div>\n\t\t\t\t<\/div>\n\t\t\t\t\t<\/div>\n\t\t<\/div>\n\t\t\t\t\t<\/div>\n\t\t<\/section>\n\t\t\t\t<section class=\"elementor-section elementor-top-section elementor-element elementor-element-34036e0 elementor-section-boxed elementor-section-height-default elementor-section-height-default\" data-id=\"34036e0\" data-element_type=\"section\" data-e-type=\"section\">\n\t\t\t\t\t\t<div class=\"elementor-container elementor-column-gap-default\">\n\t\t\t\t\t<div class=\"elementor-column elementor-col-50 elementor-top-column elementor-element elementor-element-211f233\" data-id=\"211f233\" data-element_type=\"column\" data-e-type=\"column\">\n\t\t\t<div class=\"elementor-widget-wrap elementor-element-populated\">\n\t\t\t\t\t\t<section class=\"elementor-section elementor-inner-section elementor-element elementor-element-b764397 elementor-section-boxed elementor-section-height-default elementor-section-height-default\" data-id=\"b764397\" data-element_type=\"section\" data-e-type=\"section\">\n\t\t\t\t\t\t<div class=\"elementor-container elementor-column-gap-default\">\n\t\t\t\t\t<div class=\"elementor-column elementor-col-50 elementor-inner-column elementor-element elementor-element-3dbd0db\" data-id=\"3dbd0db\" data-element_type=\"column\" data-e-type=\"column\">\n\t\t\t<div class=\"elementor-widget-wrap elementor-element-populated\">\n\t\t\t\t\t\t<div class=\"elementor-element elementor-element-6a68fa0 elementor-widget elementor-widget-text-editor\" data-id=\"6a68fa0\" data-element_type=\"widget\" data-e-type=\"widget\" data-widget_type=\"text-editor.default\">\n\t\t\t\t<div class=\"elementor-widget-container\">\n\t\t\t\t\t\t\t\t\t<p>Apotheke<\/p><p>az repro ag aarau<\/p><p>Elektroanlagen<\/p><p>Elektroanlagen<\/p><p>Glockengiesserei<\/p><p>Gebr. Huber AG<\/p><p>MotoWorld Zurbuchen<\/p>\t\t\t\t\t\t\t\t<\/div>\n\t\t\t\t<\/div>\n\t\t\t\t\t<\/div>\n\t\t<\/div>\n\t\t\t\t<div class=\"elementor-column elementor-col-50 elementor-inner-column elementor-element elementor-element-50d60a0\" data-id=\"50d60a0\" data-element_type=\"column\" data-e-type=\"column\">\n\t\t\t<div class=\"elementor-widget-wrap elementor-element-populated\">\n\t\t\t\t\t\t<div class=\"elementor-element elementor-element-98ae179 elementor-widget elementor-widget-text-editor\" data-id=\"98ae179\" data-element_type=\"widget\" data-e-type=\"widget\" data-widget_type=\"text-editor.default\">\n\t\t\t\t<div class=\"elementor-widget-container\">\n\t\t\t\t\t\t\t\t\t<p>Hunkeler Philippe<\/p><p>Wanner Frank<\/p><p>Heller Stefan<\/p><p>Nussbaumer Urs<\/p><p>Spielmann Gerhard<\/p><p>Hugo Huber<\/p><p>Sacha Zurbuchen<\/p>\t\t\t\t\t\t\t\t<\/div>\n\t\t\t\t<\/div>\n\t\t\t\t\t<\/div>\n\t\t<\/div>\n\t\t\t\t\t<\/div>\n\t\t<\/section>\n\t\t\t\t\t<\/div>\n\t\t<\/div>\n\t\t\t\t<div class=\"elementor-column elementor-col-50 elementor-top-column elementor-element elementor-element-ee2ec5f\" data-id=\"ee2ec5f\" data-element_type=\"column\" data-e-type=\"column\">\n\t\t\t<div class=\"elementor-widget-wrap elementor-element-populated\">\n\t\t\t\t\t\t<div class=\"elementor-element elementor-element-9609cb7 elementor-absolute elementor-widget elementor-widget-text-editor\" data-id=\"9609cb7\" data-element_type=\"widget\" data-e-type=\"widget\" data-settings=\"{&quot;_position&quot;:&quot;absolute&quot;}\" data-widget_type=\"text-editor.default\">\n\t\t\t\t<div class=\"elementor-widget-container\">\n\t\t\t\t\t\t\t\t\t<p><a href=\"http:\/\/www.apo-gaertnerhaus.ch\/\" target=\"_blank\" rel=\"noopener\">www.apo-gaertnerhaus.ch<\/a><\/p><p><a href=\"https:\/\/www.azrepro.ch\/de\/standorte\/aarau\" target=\"_blank\" rel=\"noopener\">www.azrepro.ch<\/a><\/p><p><a href=\"http:\/\/www.heller-elektroanlagen.ch\">www.heller-elektroanlagen.ch<\/a><\/p><p><a href=\"http:\/\/www.nussbaumer-ag.ch\" target=\"_blank\" rel=\"noopener\">www.nussbaumer-ag.ch<\/a><\/p><p><a href=\"http:\/\/www.guk.ch\" target=\"_blank\" rel=\"noopener\">www.guk.ch<\/a><\/p><p><a href=\"https:\/\/www.huber-bau.ch\/home\" target=\"_blank\" rel=\"noopener\">www.huber-bau.ch<\/a><\/p><p><a href=\"https:\/\/moto-world.ch\/\" target=\"_blank\" rel=\"noopener\">www.moto-world.ch<\/a><\/p>\t\t\t\t\t\t\t\t<\/div>\n\t\t\t\t<\/div>\n\t\t\t\t\t<\/div>\n\t\t<\/div>\n\t\t\t\t\t<\/div>\n\t\t<\/section>\n\t\t\t\t<\/div>\n\t\t","protected":false},"excerpt":{"rendered":"<p>Allgemeine Links Verbands-Website Gemeinde Sch\u00f6nenwerd Gemeinde Niederg\u00f6sgen Gemeinde Gretzenbach Gemeinde D\u00e4niken Wasserstand www.pontonier.ch www.schoenenwerd.ch www.niedergoesgen.ch www.gretzenbach.ch www.daeniken.ch https:\/\/www.hydrodaten.admin.ch\/de\/2063.html Links unserer Mitglieder Apotheke az repro ag aarau Elektroanlagen Elektroanlagen Glockengiesserei Gebr. Huber AG MotoWorld Zurbuchen Hunkeler Philippe Wanner Frank Heller Stefan Nussbaumer Urs Spielmann Gerhard Hugo Huber Sacha Zurbuchen www.apo-gaertnerhaus.ch www.azrepro.ch www.heller-elektroanlagen.ch www.nussbaumer-ag.ch www.guk.ch www.huber-bau.ch www.moto-world.ch<\/p>\n","protected":false},"author":3,"featured_media":0,"parent":10,"menu_order":910,"comment_status":"closed","ping_status":"closed","template":"","meta":{"footnotes":""},"class_list":["post-491","page","type-page","status-publish","hentry"],"_links":{"self":[{"href":"https:\/\/pontoniere-sg.ch\/index.php\/wp-json\/wp\/v2\/pages\/491","targetHints":{"allow":["GET"]}}],"collection":[{"href":"https:\/\/pontoniere-sg.ch\/index.php\/wp-json\/wp\/v2\/pages"}],"about":[{"href":"https:\/\/pontoniere-sg.ch\/index.php\/wp-json\/wp\/v2\/types\/page"}],"author":[{"embeddable":true,"href":"https:\/\/pontoniere-sg.ch\/index.php\/wp-json\/wp\/v2\/users\/3"}],"replies":[{"embeddable":true,"href":"https:\/\/pontoniere-sg.ch\/index.php\/wp-json\/wp\/v2\/comments?post=491"}],"version-history":[{"count":15,"href":"https:\/\/pontoniere-sg.ch\/index.php\/wp-json\/wp\/v2\/pages\/491\/revisions"}],"predecessor-version":[{"id":3715,"href":"https:\/\/pontoniere-sg.ch\/index.php\/wp-json\/wp\/v2\/pages\/491\/revisions\/3715"}],"up":[{"embeddable":true,"href":"https:\/\/pontoniere-sg.ch\/index.php\/wp-json\/wp\/v2\/pages\/10"}],"wp:attachment":[{"href":"https:\/\/pontoniere-sg.ch\/index.php\/wp-json\/wp\/v2\/media?parent=491"}],"curies":[{"name":"wp","href":"https:\/\/api.w.org\/{rel}","templated":true}]}}