{"id":52,"date":"2020-05-06T17:13:46","date_gmt":"2020-05-06T17:13:46","guid":{"rendered":"http:\/\/pontoniere.agugger.ch\/?page_id=52"},"modified":"2025-01-09T18:24:20","modified_gmt":"2025-01-09T17:24:20","slug":"talfahrten","status":"publish","type":"page","link":"https:\/\/pontoniere-sg.ch\/index.php\/talfahrten\/","title":{"rendered":"Talfahrten"},"content":{"rendered":"\t\t<div data-elementor-type=\"wp-page\" data-elementor-id=\"52\" class=\"elementor elementor-52\">\n\t\t\t\t\t\t<section class=\"elementor-section elementor-top-section elementor-element elementor-element-b23ba99 elementor-section-boxed elementor-section-height-default elementor-section-height-default\" data-id=\"b23ba99\" data-element_type=\"section\" data-e-type=\"section\">\n\t\t\t\t\t\t<div class=\"elementor-container elementor-column-gap-default\">\n\t\t\t\t\t<div class=\"elementor-column elementor-col-100 elementor-top-column elementor-element elementor-element-2aa0345\" data-id=\"2aa0345\" data-element_type=\"column\" data-e-type=\"column\">\n\t\t\t<div class=\"elementor-widget-wrap elementor-element-populated\">\n\t\t\t\t\t\t<div class=\"elementor-element elementor-element-a24cf47 elementor-widget elementor-widget-text-editor\" data-id=\"a24cf47\" data-element_type=\"widget\" data-e-type=\"widget\" data-widget_type=\"text-editor.default\">\n\t\t\t\t<div class=\"elementor-widget-container\">\n\t\t\t\t\t\t\t\t\t<h3>Talfahrten auf der Aare vom Bally-Park bis zum Wasserkraftwerk Aarau<\/h3><p>Wie w\u00e4re es mit einer idyllischen Talfahrt?<br \/>Auf Anfragen f\u00fchren wir gerne Talfahrten f\u00fcr Dorfvereine und ortsans\u00e4ssige Firmen durch. Da jedoch der Sommer auch unsere Haupttrainings- und Wettkampfszeit ist, bitten wir Sie um Verst\u00e4ndnis, dass wir nur eine begrenzte Anzahl Talfahrten durchf\u00fchren k\u00f6nnen.<\/p><table width=\"95%\"><tbody><tr><th colspan=\"3\"><h4>Informationen zu Talfahrten<\/h4><\/th><\/tr><tr><td><h5>Wann f\u00fchren wir Talfahrten durch<\/h5><\/td><td width=\"30%\"><p>Montag \/ Dienstag \/ Donnerstag<\/p><p>Mittwoch \/ Freitag<\/p><p>Samstag \/ Sonntag<\/p><\/td><td width=\"38%\"><p>ab 18.00 &#8211; 20.00 Uhr<\/p><p>ab 17.30 &#8211; 18.30 Uhr<\/p><p>ganztags (ausser an Wettkampftagen)<\/p><\/td><\/tr><tr><td>\u00a0<\/td><td colspan=\"2\">\u00a0<\/td><\/tr><tr><td width=\"32%\"><h5>Besatzung pro Boot<\/h5><\/td><td colspan=\"2\">max. 10 G\u00e4ste<\/td><\/tr><tr><td><h5>Versicherung<\/h5><\/td><td colspan=\"2\"><p>Die Versicherung ist Sache der G\u00e4ste \/ Teilnehmer<\/p><\/td><\/tr><\/tbody><\/table><p>F\u00fcr Ausk\u00fcnfte kontaktieren Sie bitte unsere Talfahrten-Verantwortlichen Sandro St\u00fccheli (talfahrten@pontonier-sg.ch oder +41 79 423 35 75).<br \/>Anfragen f\u00fcr Talfahrten bitte mittels Button unten und <strong>mindestens 8 Wochen<\/strong> vor dem geplanten Event.<\/p>\t\t\t\t\t\t\t\t<\/div>\n\t\t\t\t<\/div>\n\t\t\t\t<div class=\"elementor-element elementor-element-e574ed7 elementor-align-left elementor-widget elementor-widget-button\" data-id=\"e574ed7\" data-element_type=\"widget\" data-e-type=\"widget\" data-widget_type=\"button.default\">\n\t\t\t\t<div class=\"elementor-widget-container\">\n\t\t\t\t\t\t\t\t\t<div class=\"elementor-button-wrapper\">\n\t\t\t\t\t<a class=\"elementor-button elementor-button-link elementor-size-sm\" href=\"https:\/\/pontoniere-sg.ch\/?weforms=QjFiSFJQU2ZfMTYxNDY4NDYwNV81NDY=\" target=\"_blank\">\n\t\t\t\t\t\t<span class=\"elementor-button-content-wrapper\">\n\t\t\t\t\t\t\t\t\t<span class=\"elementor-button-text\">Anfrage Talfahrt<\/span>\n\t\t\t\t\t<\/span>\n\t\t\t\t\t<\/a>\n\t\t\t\t<\/div>\n\t\t\t\t\t\t\t\t<\/div>\n\t\t\t\t<\/div>\n\t\t\t\t\t<\/div>\n\t\t<\/div>\n\t\t\t\t\t<\/div>\n\t\t<\/section>\n\t\t\t\t<\/div>\n\t\t","protected":false},"excerpt":{"rendered":"<p>Talfahrten auf der Aare vom Bally-Park bis zum Wasserkraftwerk Aarau Wie w\u00e4re es mit einer idyllischen Talfahrt?Auf Anfragen f\u00fchren wir gerne Talfahrten f\u00fcr Dorfvereine und ortsans\u00e4ssige Firmen durch. Da jedoch der Sommer auch unsere Haupttrainings- und Wettkampfszeit ist, bitten wir Sie um Verst\u00e4ndnis, dass wir nur eine begrenzte Anzahl Talfahrten durchf\u00fchren k\u00f6nnen. Informationen zu Talfahrten [&hellip;]<\/p>\n","protected":false},"author":3,"featured_media":0,"parent":0,"menu_order":600,"comment_status":"closed","ping_status":"closed","template":"","meta":{"footnotes":""},"class_list":["post-52","page","type-page","status-publish","hentry"],"_links":{"self":[{"href":"https:\/\/pontoniere-sg.ch\/index.php\/wp-json\/wp\/v2\/pages\/52","targetHints":{"allow":["GET"]}}],"collection":[{"href":"https:\/\/pontoniere-sg.ch\/index.php\/wp-json\/wp\/v2\/pages"}],"about":[{"href":"https:\/\/pontoniere-sg.ch\/index.php\/wp-json\/wp\/v2\/types\/page"}],"author":[{"embeddable":true,"href":"https:\/\/pontoniere-sg.ch\/index.php\/wp-json\/wp\/v2\/users\/3"}],"replies":[{"embeddable":true,"href":"https:\/\/pontoniere-sg.ch\/index.php\/wp-json\/wp\/v2\/comments?post=52"}],"version-history":[{"count":43,"href":"https:\/\/pontoniere-sg.ch\/index.php\/wp-json\/wp\/v2\/pages\/52\/revisions"}],"predecessor-version":[{"id":3506,"href":"https:\/\/pontoniere-sg.ch\/index.php\/wp-json\/wp\/v2\/pages\/52\/revisions\/3506"}],"wp:attachment":[{"href":"https:\/\/pontoniere-sg.ch\/index.php\/wp-json\/wp\/v2\/media?parent=52"}],"curies":[{"name":"wp","href":"https:\/\/api.w.org\/{rel}","templated":true}]}}