{"id":73,"date":"2020-05-06T17:23:22","date_gmt":"2020-05-06T17:23:22","guid":{"rendered":"http:\/\/pontoniere.agugger.ch\/?page_id=73"},"modified":"2026-03-22T18:17:12","modified_gmt":"2026-03-22T17:17:12","slug":"jungpontoniere","status":"publish","type":"page","link":"https:\/\/pontoniere-sg.ch\/index.php\/jungpontoniere\/","title":{"rendered":"Jungpontoniere"},"content":{"rendered":"\t\t<div data-elementor-type=\"wp-page\" data-elementor-id=\"73\" class=\"elementor elementor-73\">\n\t\t\t\t\t\t<section class=\"elementor-section elementor-top-section elementor-element elementor-element-e4707c8 elementor-section-boxed elementor-section-height-default elementor-section-height-default\" data-id=\"e4707c8\" data-element_type=\"section\" data-e-type=\"section\">\n\t\t\t\t\t\t<div class=\"elementor-container elementor-column-gap-default\">\n\t\t\t\t\t<div class=\"elementor-column elementor-col-100 elementor-top-column elementor-element elementor-element-f45c063\" data-id=\"f45c063\" data-element_type=\"column\" data-e-type=\"column\">\n\t\t\t<div class=\"elementor-widget-wrap elementor-element-populated\">\n\t\t\t\t\t\t<div class=\"elementor-element elementor-element-946f7aa elementor-widget elementor-widget-image\" data-id=\"946f7aa\" data-element_type=\"widget\" data-e-type=\"widget\" data-widget_type=\"image.default\">\n\t\t\t\t<div class=\"elementor-widget-container\">\n\t\t\t\t\t\t\t\t\t\t\t\t\t\t\t<img fetchpriority=\"high\" decoding=\"async\" width=\"640\" height=\"427\" src=\"https:\/\/pontoniere-sg.ch\/wp-content\/uploads\/2025\/03\/DSC2466-Verbessert-RR-1024x683.jpg\" class=\"attachment-large size-large wp-image-3776\" alt=\"\" srcset=\"https:\/\/pontoniere-sg.ch\/wp-content\/uploads\/2025\/03\/DSC2466-Verbessert-RR-1024x683.jpg 1024w, https:\/\/pontoniere-sg.ch\/wp-content\/uploads\/2025\/03\/DSC2466-Verbessert-RR-300x200.jpg 300w, https:\/\/pontoniere-sg.ch\/wp-content\/uploads\/2025\/03\/DSC2466-Verbessert-RR-768x512.jpg 768w, https:\/\/pontoniere-sg.ch\/wp-content\/uploads\/2025\/03\/DSC2466-Verbessert-RR-1536x1024.jpg 1536w, https:\/\/pontoniere-sg.ch\/wp-content\/uploads\/2025\/03\/DSC2466-Verbessert-RR-2048x1365.jpg 2048w\" sizes=\"(max-width: 640px) 100vw, 640px\" \/>\t\t\t\t\t\t\t\t\t\t\t\t\t\t\t<\/div>\n\t\t\t\t<\/div>\n\t\t\t\t\t<\/div>\n\t\t<\/div>\n\t\t\t\t\t<\/div>\n\t\t<\/section>\n\t\t\t\t<section class=\"elementor-section elementor-top-section elementor-element elementor-element-6f218a1 elementor-section-boxed elementor-section-height-default elementor-section-height-default\" data-id=\"6f218a1\" data-element_type=\"section\" data-e-type=\"section\">\n\t\t\t\t\t\t<div class=\"elementor-container elementor-column-gap-default\">\n\t\t\t\t\t<div class=\"elementor-column elementor-col-100 elementor-top-column elementor-element elementor-element-ddc58ba\" data-id=\"ddc58ba\" data-element_type=\"column\" data-e-type=\"column\">\n\t\t\t<div class=\"elementor-widget-wrap elementor-element-populated\">\n\t\t\t\t\t\t<div class=\"elementor-element elementor-element-5503eb1 elementor-widget elementor-widget-heading\" data-id=\"5503eb1\" data-element_type=\"widget\" data-e-type=\"widget\" data-widget_type=\"heading.default\">\n\t\t\t\t<div class=\"elementor-widget-container\">\n\t\t\t\t\t<h2 class=\"elementor-heading-title elementor-size-default\">Sommer<\/h2>\t\t\t\t<\/div>\n\t\t\t\t<\/div>\n\t\t\t\t\t<\/div>\n\t\t<\/div>\n\t\t\t\t\t<\/div>\n\t\t<\/section>\n\t\t\t\t<section class=\"elementor-section elementor-top-section elementor-element elementor-element-2fddc65 elementor-section-boxed elementor-section-height-default elementor-section-height-default\" data-id=\"2fddc65\" data-element_type=\"section\" data-e-type=\"section\">\n\t\t\t\t\t\t<div class=\"elementor-container elementor-column-gap-default\">\n\t\t\t\t\t<div class=\"elementor-column elementor-col-100 elementor-top-column elementor-element elementor-element-482cb1b\" data-id=\"482cb1b\" data-element_type=\"column\" data-e-type=\"column\">\n\t\t\t<div class=\"elementor-widget-wrap elementor-element-populated\">\n\t\t\t\t\t\t<div class=\"elementor-element elementor-element-00b2d15 elementor-widget elementor-widget-text-editor\" data-id=\"00b2d15\" data-element_type=\"widget\" data-e-type=\"widget\" data-widget_type=\"text-editor.default\">\n\t\t\t\t<div class=\"elementor-widget-container\">\n\t\t\t\t\t\t\t\t\t<p>Zwei Mal pro Woche treffen wir uns and der sch\u00f6nen Aare in Sch\u00f6nenwerd. Wir \u00fcben unser Handwerk mit dem Ruder, dem Stachel und der Schn\u00fcrleine. <br \/>Unsere Ziele dabei sind Erfolge an den schweizweiten Wettfahren zu erreichen und die Jungpontonierpr\u00fcfung am Ende der Saison zu bestehen.<\/p><p>Das Training im Sommer schliessen wir sofern das Wetter es zul\u00e4sst mit einem Schwumm inklusive Schwimmweste in der k\u00fchlen Aare ab.<\/p>\t\t\t\t\t\t\t\t<\/div>\n\t\t\t\t<\/div>\n\t\t\t\t<div class=\"elementor-element elementor-element-08c9c7c elementor-widget elementor-widget-heading\" data-id=\"08c9c7c\" data-element_type=\"widget\" data-e-type=\"widget\" data-widget_type=\"heading.default\">\n\t\t\t\t<div class=\"elementor-widget-container\">\n\t\t\t\t\t<h2 class=\"elementor-heading-title elementor-size-default\">Winter<\/h2>\t\t\t\t<\/div>\n\t\t\t\t<\/div>\n\t\t\t\t\t<\/div>\n\t\t<\/div>\n\t\t\t\t\t<\/div>\n\t\t<\/section>\n\t\t\t\t<section class=\"elementor-section elementor-top-section elementor-element elementor-element-865b8da elementor-section-boxed elementor-section-height-default elementor-section-height-default\" data-id=\"865b8da\" data-element_type=\"section\" data-e-type=\"section\">\n\t\t\t\t\t\t<div class=\"elementor-container elementor-column-gap-default\">\n\t\t\t\t\t<div class=\"elementor-column elementor-col-100 elementor-top-column elementor-element elementor-element-5dfeed9\" data-id=\"5dfeed9\" data-element_type=\"column\" data-e-type=\"column\">\n\t\t\t<div class=\"elementor-widget-wrap elementor-element-populated\">\n\t\t\t\t\t\t<div class=\"elementor-element elementor-element-2e248e7 elementor-widget elementor-widget-text-editor\" data-id=\"2e248e7\" data-element_type=\"widget\" data-e-type=\"widget\" data-widget_type=\"text-editor.default\">\n\t\t\t\t<div class=\"elementor-widget-container\">\n\t\t\t\t\t\t\t\t\t<p>In der Wintersaison schwimmen wir im Hallenbad Sch\u00f6nenwerd, denn nur wer gut Schwimmen kann, darf ohne Schwimmweste im Sommer auf der Aare im Weidling trainieren. Zus\u00e4tzlich Turnen wir in der Halle und \u00fcben uns im Fussball, Unihockey und vieles mehr.<\/p>\t\t\t\t\t\t\t\t<\/div>\n\t\t\t\t<\/div>\n\t\t\t\t\t<\/div>\n\t\t<\/div>\n\t\t\t\t\t<\/div>\n\t\t<\/section>\n\t\t\t\t<section class=\"elementor-section elementor-top-section elementor-element elementor-element-9971e79 elementor-section-boxed elementor-section-height-default elementor-section-height-default\" data-id=\"9971e79\" data-element_type=\"section\" data-e-type=\"section\">\n\t\t\t\t\t\t<div class=\"elementor-container elementor-column-gap-default\">\n\t\t\t\t\t<div class=\"elementor-column elementor-col-100 elementor-top-column elementor-element elementor-element-a950e9f\" data-id=\"a950e9f\" data-element_type=\"column\" data-e-type=\"column\">\n\t\t\t<div class=\"elementor-widget-wrap elementor-element-populated\">\n\t\t\t\t\t\t<div class=\"elementor-element elementor-element-9ed2018 elementor-widget elementor-widget-heading\" data-id=\"9ed2018\" data-element_type=\"widget\" data-e-type=\"widget\" data-widget_type=\"heading.default\">\n\t\t\t\t<div class=\"elementor-widget-container\">\n\t\t\t\t\t<h2 class=\"elementor-heading-title elementor-size-default\">Weitere Informationen<\/h2>\t\t\t\t<\/div>\n\t\t\t\t<\/div>\n\t\t\t\t<div class=\"elementor-element elementor-element-ec11c05 elementor-widget elementor-widget-text-editor\" data-id=\"ec11c05\" data-element_type=\"widget\" data-e-type=\"widget\" data-widget_type=\"text-editor.default\">\n\t\t\t\t<div class=\"elementor-widget-container\">\n\t\t\t\t\t\t\t\t\t<ul><li><a href=\"https:\/\/pontoniere-sg.ch\/index.php\/jungpontoniere\/training\/\" target=\"_blank\" rel=\"noopener\">Trainingszeiten und Schnuppertraining<\/a><\/li><li><a href=\"https:\/\/pontoniere-sg.ch\/index.php\/jungpontoniere\/aktivitaeten\/\" target=\"_blank\" rel=\"noopener\">Was wir Jungpontoniere sonst noch so machen<\/a><\/li><\/ul>\t\t\t\t\t\t\t\t<\/div>\n\t\t\t\t<\/div>\n\t\t\t\t\t<\/div>\n\t\t<\/div>\n\t\t\t\t\t<\/div>\n\t\t<\/section>\n\t\t\t\t<section class=\"elementor-section elementor-top-section elementor-element elementor-element-df466ea elementor-section-boxed elementor-section-height-default elementor-section-height-default\" data-id=\"df466ea\" data-element_type=\"section\" data-e-type=\"section\">\n\t\t\t\t\t\t<div class=\"elementor-container elementor-column-gap-default\">\n\t\t\t\t\t<div class=\"elementor-column elementor-col-100 elementor-top-column elementor-element elementor-element-fcb6468\" data-id=\"fcb6468\" data-element_type=\"column\" data-e-type=\"column\">\n\t\t\t<div class=\"elementor-widget-wrap elementor-element-populated\">\n\t\t\t\t\t\t<div class=\"elementor-element elementor-element-e602df3 elementor-widget elementor-widget-heading\" data-id=\"e602df3\" data-element_type=\"widget\" data-e-type=\"widget\" data-widget_type=\"heading.default\">\n\t\t\t\t<div class=\"elementor-widget-container\">\n\t\t\t\t\t<h2 class=\"elementor-heading-title elementor-size-default\">Kontakt<\/h2>\t\t\t\t<\/div>\n\t\t\t\t<\/div>\n\t\t\t\t<div class=\"elementor-element elementor-element-c1e6f8c elementor-widget elementor-widget-text-editor\" data-id=\"c1e6f8c\" data-element_type=\"widget\" data-e-type=\"widget\" data-widget_type=\"text-editor.default\">\n\t\t\t\t<div class=\"elementor-widget-container\">\n\t\t\t\t\t\t\t\t\t<ul><li><a href=\"https:\/\/pontoniere-sg.ch\/index.php\/verein\/vorstand\/\" target=\"_blank\" rel=\"noopener\">Jungfahrleiter<\/a><\/li><\/ul>\t\t\t\t\t\t\t\t<\/div>\n\t\t\t\t<\/div>\n\t\t\t\t<div class=\"elementor-element elementor-element-894c27e elementor-widget elementor-widget-image\" data-id=\"894c27e\" data-element_type=\"widget\" data-e-type=\"widget\" data-widget_type=\"image.default\">\n\t\t\t\t<div class=\"elementor-widget-container\">\n\t\t\t\t\t\t\t\t\t\t\t\t\t\t\t<img decoding=\"async\" width=\"640\" height=\"800\" src=\"https:\/\/pontoniere-sg.ch\/wp-content\/uploads\/2026\/03\/Flyer-Schnuppertraining-ohne-Logo-819x1024.png\" class=\"attachment-large size-large wp-image-4541\" alt=\"\" srcset=\"https:\/\/pontoniere-sg.ch\/wp-content\/uploads\/2026\/03\/Flyer-Schnuppertraining-ohne-Logo-819x1024.png 819w, https:\/\/pontoniere-sg.ch\/wp-content\/uploads\/2026\/03\/Flyer-Schnuppertraining-ohne-Logo-240x300.png 240w, https:\/\/pontoniere-sg.ch\/wp-content\/uploads\/2026\/03\/Flyer-Schnuppertraining-ohne-Logo-768x960.png 768w, https:\/\/pontoniere-sg.ch\/wp-content\/uploads\/2026\/03\/Flyer-Schnuppertraining-ohne-Logo.png 1080w\" sizes=\"(max-width: 640px) 100vw, 640px\" \/>\t\t\t\t\t\t\t\t\t\t\t\t\t\t\t<\/div>\n\t\t\t\t<\/div>\n\t\t\t\t\t<\/div>\n\t\t<\/div>\n\t\t\t\t\t<\/div>\n\t\t<\/section>\n\t\t\t\t<\/div>\n\t\t","protected":false},"excerpt":{"rendered":"<p>Sommer Zwei Mal pro Woche treffen wir uns and der sch\u00f6nen Aare in Sch\u00f6nenwerd. Wir \u00fcben unser Handwerk mit dem Ruder, dem Stachel und der Schn\u00fcrleine. Unsere Ziele dabei sind Erfolge an den schweizweiten Wettfahren zu erreichen und die Jungpontonierpr\u00fcfung am Ende der Saison zu bestehen. Das Training im Sommer schliessen wir sofern das Wetter [&hellip;]<\/p>\n","protected":false},"author":3,"featured_media":0,"parent":0,"menu_order":400,"comment_status":"closed","ping_status":"closed","template":"","meta":{"footnotes":""},"class_list":["post-73","page","type-page","status-publish","hentry"],"_links":{"self":[{"href":"https:\/\/pontoniere-sg.ch\/index.php\/wp-json\/wp\/v2\/pages\/73","targetHints":{"allow":["GET"]}}],"collection":[{"href":"https:\/\/pontoniere-sg.ch\/index.php\/wp-json\/wp\/v2\/pages"}],"about":[{"href":"https:\/\/pontoniere-sg.ch\/index.php\/wp-json\/wp\/v2\/types\/page"}],"author":[{"embeddable":true,"href":"https:\/\/pontoniere-sg.ch\/index.php\/wp-json\/wp\/v2\/users\/3"}],"replies":[{"embeddable":true,"href":"https:\/\/pontoniere-sg.ch\/index.php\/wp-json\/wp\/v2\/comments?post=73"}],"version-history":[{"count":46,"href":"https:\/\/pontoniere-sg.ch\/index.php\/wp-json\/wp\/v2\/pages\/73\/revisions"}],"predecessor-version":[{"id":4550,"href":"https:\/\/pontoniere-sg.ch\/index.php\/wp-json\/wp\/v2\/pages\/73\/revisions\/4550"}],"wp:attachment":[{"href":"https:\/\/pontoniere-sg.ch\/index.php\/wp-json\/wp\/v2\/media?parent=73"}],"curies":[{"name":"wp","href":"https:\/\/api.w.org\/{rel}","templated":true}]}}