{"id":77,"date":"2020-05-06T17:23:22","date_gmt":"2020-05-06T17:23:22","guid":{"rendered":"http:\/\/pontoniere.agugger.ch\/?page_id=77"},"modified":"2025-01-09T18:23:46","modified_gmt":"2025-01-09T17:23:46","slug":"vereinsgeschichte","status":"publish","type":"page","link":"https:\/\/pontoniere-sg.ch\/index.php\/verein\/vereinsgeschichte\/","title":{"rendered":"Vereinsgeschichte"},"content":{"rendered":"\t\t<div data-elementor-type=\"wp-page\" data-elementor-id=\"77\" class=\"elementor elementor-77\">\n\t\t\t\t\t\t<section class=\"elementor-section elementor-top-section elementor-element elementor-element-9681992 elementor-section-boxed elementor-section-height-default elementor-section-height-default\" data-id=\"9681992\" data-element_type=\"section\" data-e-type=\"section\">\n\t\t\t\t\t\t<div class=\"elementor-container elementor-column-gap-default\">\n\t\t\t\t\t<div class=\"elementor-column elementor-col-100 elementor-top-column elementor-element elementor-element-a18d0c4\" data-id=\"a18d0c4\" data-element_type=\"column\" data-e-type=\"column\">\n\t\t\t<div class=\"elementor-widget-wrap elementor-element-populated\">\n\t\t\t\t\t\t<div class=\"elementor-element elementor-element-dd230fd elementor-widget elementor-widget-text-editor\" data-id=\"dd230fd\" data-element_type=\"widget\" data-e-type=\"widget\" data-widget_type=\"text-editor.default\">\n\t\t\t\t<div class=\"elementor-widget-container\">\n\t\t\t\t\t\t\t\t\t<h3>Gr\u00fcndung des Pontonierfahrvereines Sch\u00f6nenwerd-G\u00f6sgen<\/h3>\t\t\t\t\t\t\t\t<\/div>\n\t\t\t\t<\/div>\n\t\t\t\t\t<\/div>\n\t\t<\/div>\n\t\t\t\t\t<\/div>\n\t\t<\/section>\n\t\t\t\t<section class=\"elementor-section elementor-top-section elementor-element elementor-element-b8bbc2d elementor-section-boxed elementor-section-height-default elementor-section-height-default\" data-id=\"b8bbc2d\" data-element_type=\"section\" data-e-type=\"section\">\n\t\t\t\t\t\t<div class=\"elementor-container elementor-column-gap-default\">\n\t\t\t\t\t<div class=\"elementor-column elementor-col-66 elementor-top-column elementor-element elementor-element-4004125\" data-id=\"4004125\" data-element_type=\"column\" data-e-type=\"column\">\n\t\t\t<div class=\"elementor-widget-wrap elementor-element-populated\">\n\t\t\t\t\t\t<div class=\"elementor-element elementor-element-08fc6ce elementor-widget elementor-widget-text-editor\" data-id=\"08fc6ce\" data-element_type=\"widget\" data-e-type=\"widget\" data-widget_type=\"text-editor.default\">\n\t\t\t\t<div class=\"elementor-widget-container\">\n\t\t\t\t\t\t\t\t\t<p style=\"font-family: Roboto, sans-serif; font-size: 14px; font-style: normal; font-weight: 400;\">Durch den in einem Pontonierbataillon absolvierten Milit\u00e4rdienst waren drei junge Pontoniere vom Wassersport dermassen begeistert, dass sie in Aarau in den Pontonierfahrverein eintraten. Nachdem sie dort den Umgang mit Ruder, Stachel und Seilwerk erlernt hatten, erwachte in ihnen der Wunsch, auf der Aare zwischen Sch\u00f6nenwerd und G\u00f6sgen den Pontoniersport auszu\u00fcben. Durch abendliches Fahren mit einem in Oberg\u00f6sgen erworbenen Weidling stiessen bald weitere Interessenten dazu.<\/p><p style=\"font-family: Roboto, sans-serif; font-size: 14px; font-style: normal; font-weight: 400;\"><br \/>Auf initiative von Pontonier-Feldweibel Julius Bodmer gr\u00fcndeten 16 Mitglieder im November 1908 den Pontonierfahrverein Sch\u00f6nenwerd-G\u00f6sgen. Bereits im Jahre 1909 konnten die Vereinsgr\u00fcnder ihr erstes Depot in Niederg\u00f6sgen erstellen und fortan ben\u00fctzen. 1919 gab es einen schwarzen Tag in der jungen Vereinsgeschichte, als anl\u00e4sslich einer Talfahrt mit dem Samariterverein ein Zweiteiler-Ponton an einem Br\u00fcckenjoch in Oberg\u00f6sgen zerschellte. Alle Insassen fielen in die Hochwasser f\u00fchrende Aare, konnten aber gl\u00fccklicherweise von den nachfolgenden Schiffen aufgenommen und gerettet werden. Dank dem pers\u00f6nlichen Einsatz von Leo Spielmann aus Oberg\u00f6sgen, der verschiedene Teilnehmer aus dem kalten Element in seinen privaten Weidling aufnehmen konnte, wurden schlimmere Folgen verhindert. Dem hilfreichen Retter wurde daf\u00fcr die Ehrenmitgliedschaft verliehen.<\/p>\t\t\t\t\t\t\t\t<\/div>\n\t\t\t\t<\/div>\n\t\t\t\t\t<\/div>\n\t\t<\/div>\n\t\t\t\t<div class=\"elementor-column elementor-col-33 elementor-top-column elementor-element elementor-element-3fd42b8\" data-id=\"3fd42b8\" data-element_type=\"column\" data-e-type=\"column\">\n\t\t\t<div class=\"elementor-widget-wrap elementor-element-populated\">\n\t\t\t\t\t\t<div class=\"elementor-element elementor-element-9e4c815 elementor-widget elementor-widget-image\" data-id=\"9e4c815\" data-element_type=\"widget\" data-e-type=\"widget\" data-widget_type=\"image.default\">\n\t\t\t\t<div class=\"elementor-widget-container\">\n\t\t\t\t\t\t\t\t\t\t\t\t\t\t\t<img fetchpriority=\"high\" decoding=\"async\" width=\"250\" height=\"261\" src=\"https:\/\/pontoniere-sg.ch\/wp-content\/uploads\/2021\/03\/Vereinsfahne1909-1919_frgst.jpg\" class=\"attachment-large size-large wp-image-730\" alt=\"Unsere erste Vereinsfahne\" \/>\t\t\t\t\t\t\t\t\t\t\t\t\t\t\t<\/div>\n\t\t\t\t<\/div>\n\t\t\t\t\t<\/div>\n\t\t<\/div>\n\t\t\t\t\t<\/div>\n\t\t<\/section>\n\t\t\t\t<section class=\"elementor-section elementor-top-section elementor-element elementor-element-fd25fc2 elementor-section-boxed elementor-section-height-default elementor-section-height-default\" data-id=\"fd25fc2\" data-element_type=\"section\" data-e-type=\"section\">\n\t\t\t\t\t\t<div class=\"elementor-container elementor-column-gap-default\">\n\t\t\t\t\t<div class=\"elementor-column elementor-col-33 elementor-top-column elementor-element elementor-element-68c90f8\" data-id=\"68c90f8\" data-element_type=\"column\" data-e-type=\"column\">\n\t\t\t<div class=\"elementor-widget-wrap elementor-element-populated\">\n\t\t\t\t\t\t<div class=\"elementor-element elementor-element-7cc2118 elementor-widget elementor-widget-image\" data-id=\"7cc2118\" data-element_type=\"widget\" data-e-type=\"widget\" data-widget_type=\"image.default\">\n\t\t\t\t<div class=\"elementor-widget-container\">\n\t\t\t\t\t\t\t\t\t\t\t\t\t\t\t<img decoding=\"async\" width=\"250\" height=\"328\" src=\"https:\/\/pontoniere-sg.ch\/wp-content\/uploads\/2021\/03\/Ponti_Fahne.jpg\" class=\"attachment-large size-large wp-image-729\" alt=\"Die heute aktuelle Vereinsfahne\" srcset=\"https:\/\/pontoniere-sg.ch\/wp-content\/uploads\/2021\/03\/Ponti_Fahne.jpg 250w, https:\/\/pontoniere-sg.ch\/wp-content\/uploads\/2021\/03\/Ponti_Fahne-229x300.jpg 229w\" sizes=\"(max-width: 250px) 100vw, 250px\" \/>\t\t\t\t\t\t\t\t\t\t\t\t\t\t\t<\/div>\n\t\t\t\t<\/div>\n\t\t\t\t\t<\/div>\n\t\t<\/div>\n\t\t\t\t<div class=\"elementor-column elementor-col-66 elementor-top-column elementor-element elementor-element-79e881d\" data-id=\"79e881d\" data-element_type=\"column\" data-e-type=\"column\">\n\t\t\t<div class=\"elementor-widget-wrap elementor-element-populated\">\n\t\t\t\t\t\t<div class=\"elementor-element elementor-element-c68069a elementor-widget elementor-widget-text-editor\" data-id=\"c68069a\" data-element_type=\"widget\" data-e-type=\"widget\" data-widget_type=\"text-editor.default\">\n\t\t\t\t<div class=\"elementor-widget-container\">\n\t\t\t\t\t\t\t\t\t<p><span style=\"font-family: Roboto, sans-serif; font-size: 14px; font-style: normal; font-weight: 400;\">Ein H\u00f6hepunkt im Vereinsleben fand 1922 statt, stellte doch die Einwohnergemeinde Sch\u00f6nenwerd unserem Verein das heutige Areal im Baurecht f\u00fcr einen Depotneubau zur Verf\u00fchgung. Das 1923 eingeweihte Depot dient seit 1957 unseren Jungpontonieren als Garderobenhaus. Das heutige Vereinsdepot wurde in den Jahren 1957\/58, verbunden mit vielen Schweisstropfen der damaligen Pontoniere, erstellt und 1970 war auch die Erweiterung des Aufenthaltsraumes abgeschlossen. Im Winter 1992\/93 konnte die Sanierung der WC-\/Duschanlage ebenfalls mit vielen Eigenleistungen dem heutigen Standard entsprechend abgeschlossen werden.<\/span><br \/><span style=\"font-family: Roboto, sans-serif; font-size: 14px; font-style: normal; font-weight: 400;\">Der H\u00f6hepunkt in der Geschichte der Pontoniere von Sch\u00f6nenwerd-G\u00f6sgen darf man wohl die Organisation und Durchf\u00fchrung des Eidg. Pontonierwettfahrens 1943 bezeichnen. Trotz der Kriegszeit konnten die Pontoniere in Anwesenheit von General Guisan und Bundesrat Kobelt ein w\u00fcrdiges Wettfahren bestreiten. Ebenfalls das 1969 durchgef\u00fchrte Rayonwettfahren, das zweite in Sch\u00f6nenwerd durchgef\u00fchrte Eidg. Wettfahren 1976 und das aus Anlass des 75j\u00e4hrigen Jubil\u00e4ums organisierte Rayonwettfahren 1983 d\u00fcrfen hervorgehoben werden.<\/span><\/p>\t\t\t\t\t\t\t\t<\/div>\n\t\t\t\t<\/div>\n\t\t\t\t\t<\/div>\n\t\t<\/div>\n\t\t\t\t\t<\/div>\n\t\t<\/section>\n\t\t\t\t<\/div>\n\t\t","protected":false},"excerpt":{"rendered":"<p>Gr\u00fcndung des Pontonierfahrvereines Sch\u00f6nenwerd-G\u00f6sgen Durch den in einem Pontonierbataillon absolvierten Milit\u00e4rdienst waren drei junge Pontoniere vom Wassersport dermassen begeistert, dass sie in Aarau in den Pontonierfahrverein eintraten. Nachdem sie dort den Umgang mit Ruder, Stachel und Seilwerk erlernt hatten, erwachte in ihnen der Wunsch, auf der Aare zwischen Sch\u00f6nenwerd und G\u00f6sgen den Pontoniersport auszu\u00fcben. Durch [&hellip;]<\/p>\n","protected":false},"author":3,"featured_media":0,"parent":95,"menu_order":330,"comment_status":"closed","ping_status":"closed","template":"","meta":{"footnotes":""},"class_list":["post-77","page","type-page","status-publish","hentry"],"_links":{"self":[{"href":"https:\/\/pontoniere-sg.ch\/index.php\/wp-json\/wp\/v2\/pages\/77","targetHints":{"allow":["GET"]}}],"collection":[{"href":"https:\/\/pontoniere-sg.ch\/index.php\/wp-json\/wp\/v2\/pages"}],"about":[{"href":"https:\/\/pontoniere-sg.ch\/index.php\/wp-json\/wp\/v2\/types\/page"}],"author":[{"embeddable":true,"href":"https:\/\/pontoniere-sg.ch\/index.php\/wp-json\/wp\/v2\/users\/3"}],"replies":[{"embeddable":true,"href":"https:\/\/pontoniere-sg.ch\/index.php\/wp-json\/wp\/v2\/comments?post=77"}],"version-history":[{"count":12,"href":"https:\/\/pontoniere-sg.ch\/index.php\/wp-json\/wp\/v2\/pages\/77\/revisions"}],"predecessor-version":[{"id":815,"href":"https:\/\/pontoniere-sg.ch\/index.php\/wp-json\/wp\/v2\/pages\/77\/revisions\/815"}],"up":[{"embeddable":true,"href":"https:\/\/pontoniere-sg.ch\/index.php\/wp-json\/wp\/v2\/pages\/95"}],"wp:attachment":[{"href":"https:\/\/pontoniere-sg.ch\/index.php\/wp-json\/wp\/v2\/media?parent=77"}],"curies":[{"name":"wp","href":"https:\/\/api.w.org\/{rel}","templated":true}]}}